{"id":68,"date":"2025-09-04T03:16:40","date_gmt":"2025-09-04T03:16:40","guid":{"rendered":"https:\/\/supertsa.com\/?page_id=68"},"modified":"2025-09-12T23:31:50","modified_gmt":"2025-09-12T23:31:50","slug":"subsides","status":"publish","type":"page","link":"https:\/\/supertsa.com\/index.php\/subsides\/","title":{"rendered":"Histoire"},"content":{"rendered":"\n<h2 class=\"wp-block-heading\">Histoire et subsides<\/h2>\n\n\n\n<p>J&rsquo;ai toujours imagin\u00e9 Super TSA comme ma revanche au sort que la vie m&rsquo;a apport\u00e9. Une histoire de ma propre vie. Je l&rsquo;ai d&rsquo;ailleurs commenc\u00e9 pour accepter mon propre diagnostic, confirm\u00e9 en juillet 2024.<br><br>Je veux que Super TSA reste une porte grande ouverte, entre vous et nous. <br><br>Je pense que certains ont du mal, d&rsquo;y voir un reflet de leur vie, d\u00e9j\u00e0 bien assez difficile. <br>Je pense que cela en fait rire certains pour les m\u00eames raisons. <br>Je sais juste que c&rsquo;est comme cela qu&rsquo;est ma vie. <br>Je pense aussi que c&rsquo;est une possibilit\u00e9 de s&rsquo;y identifier, ou pas, d&rsquo;y retrouver des rep\u00e8res, certaines choses qui aident ou pas. Nous ne sommes aucuns exactement pareils.<br>Je pense que certains aiment montrer \u00e0 leur proches certains moments du jeu. <br>Je pense aussi que certaines mamans y voient un jeu plein d&rsquo;esprit respectueux et positif.<\/p>\n\n\n\n<p>Par contre, je suis certain que Super TSA est aussi une communaut\u00e9 qui crie un grand \u00ab\u00a0OUI, c&rsquo;est \u00e7a ! \u00ab\u00a0<br>\u00ab\u00a0Il faut le montrer aux autres !\u00a0\u00bb<\/p>\n\n\n\n<p>Mon papa me dit souvent \u00ab\u00a0Je ne suis qu&rsquo;un petit bonhomme\u00a0\u00bb et c&rsquo;est mon cas aussi. Je ne peux faire de miracles mais je fais toujours de mon mieux. J&rsquo;ai difficile de tenir ma vie, mon boulot, ma maison, mais je suis l\u00e0.<br>J&rsquo;aimerais pouvoir vivre de Super TSA mais je refuse de faire payer des personnes qui ont d\u00e9j\u00e0 une vie suffisamment compliqu\u00e9e.<br>Je cherche donc des subsides. Si mon projet vous fait \u00e9cho, contactez moi.<\/p>\n\n\n\n<p>Bien \u00e0 vous, Nicolas, Yoda pour les amis.<\/p>\n\n\n\n<p><\/p>\n","protected":false},"excerpt":{"rendered":"<p>Histoire et subsides J&rsquo;ai toujours imagin\u00e9 Super TSA comme ma revanche au sort que la vie m&rsquo;a apport\u00e9. Une histoire de ma propre vie. Je l&rsquo;ai d&rsquo;ailleurs commenc\u00e9 pour accepter mon propre diagnostic, confirm\u00e9 en juillet 2024. Je veux que Super TSA reste une porte grande ouverte, entre vous et nous. Je pense que certains [&hellip;]<\/p>\n","protected":false},"author":1,"featured_media":0,"parent":0,"menu_order":0,"comment_status":"closed","ping_status":"closed","template":"","meta":{"footnotes":""},"class_list":["post-68","page","type-page","status-publish","hentry"],"_links":{"self":[{"href":"https:\/\/supertsa.com\/index.php\/wp-json\/wp\/v2\/pages\/68","targetHints":{"allow":["GET"]}}],"collection":[{"href":"https:\/\/supertsa.com\/index.php\/wp-json\/wp\/v2\/pages"}],"about":[{"href":"https:\/\/supertsa.com\/index.php\/wp-json\/wp\/v2\/types\/page"}],"author":[{"embeddable":true,"href":"https:\/\/supertsa.com\/index.php\/wp-json\/wp\/v2\/users\/1"}],"replies":[{"embeddable":true,"href":"https:\/\/supertsa.com\/index.php\/wp-json\/wp\/v2\/comments?post=68"}],"version-history":[{"count":13,"href":"https:\/\/supertsa.com\/index.php\/wp-json\/wp\/v2\/pages\/68\/revisions"}],"predecessor-version":[{"id":134,"href":"https:\/\/supertsa.com\/index.php\/wp-json\/wp\/v2\/pages\/68\/revisions\/134"}],"wp:attachment":[{"href":"https:\/\/supertsa.com\/index.php\/wp-json\/wp\/v2\/media?parent=68"}],"curies":[{"name":"wp","href":"https:\/\/api.w.org\/{rel}","templated":true}]}}