{"id":2,"date":"2025-09-03T23:42:14","date_gmt":"2025-09-03T23:42:14","guid":{"rendered":"http:\/\/supertr.cluster100.hosting.ovh.net\/?page_id=2"},"modified":"2025-09-11T20:32:21","modified_gmt":"2025-09-11T20:32:21","slug":"sample-page","status":"publish","type":"page","link":"https:\/\/supertsa.com\/","title":{"rendered":""},"content":{"rendered":"\n<div class=\"wp-block-columns are-vertically-aligned-center is-layout-flex wp-container-core-columns-is-layout-9d6595d7 wp-block-columns-is-layout-flex\">\n<div class=\"wp-block-column is-vertically-aligned-center is-layout-flow wp-block-column-is-layout-flow\"><div class=\"wp-block-image\">\n<figure class=\"aligncenter size-full is-resized\"><img loading=\"lazy\" decoding=\"async\" width=\"1024\" height=\"1024\" src=\"https:\/\/supertsa.com\/wp-content\/uploads\/2025\/09\/cropped-Logo.png\" alt=\"\" class=\"wp-image-16\" style=\"width:298px;height:auto\" srcset=\"https:\/\/supertsa.com\/wp-content\/uploads\/2025\/09\/cropped-Logo.png 1024w, https:\/\/supertsa.com\/wp-content\/uploads\/2025\/09\/cropped-Logo-300x300.png 300w, https:\/\/supertsa.com\/wp-content\/uploads\/2025\/09\/cropped-Logo-150x150.png 150w, https:\/\/supertsa.com\/wp-content\/uploads\/2025\/09\/cropped-Logo-768x768.png 768w\" sizes=\"auto, (max-width: 1024px) 100vw, 1024px\" \/><\/figure>\n<\/div><\/div>\n\n\n\n<div class=\"wp-block-column is-vertically-aligned-center is-layout-flow wp-block-column-is-layout-flow\">\n<p>Un outil ludo-p\u00e9dagogique con\u00e7u pour sensibiliser au quotidien des personnes autistes \u00e0 travers une exp\u00e9rience immersive et respectueuse.<\/p>\n<\/div>\n<\/div>\n\n\n\n<p class=\"has-text-align-center\"><br>Quelle version voulez-vous installer ?<\/p>\n\n\n<div class=\"wp-block-image\">\n<figure class=\"aligncenter size-full is-resized\"><img loading=\"lazy\" decoding=\"async\" width=\"512\" height=\"512\" src=\"https:\/\/supertsa.com\/wp-content\/uploads\/2025\/09\/cropped-IconAndroid512.png\" alt=\"\" class=\"wp-image-9\" style=\"width:172px;height:auto\" srcset=\"https:\/\/supertsa.com\/wp-content\/uploads\/2025\/09\/cropped-IconAndroid512.png 512w, https:\/\/supertsa.com\/wp-content\/uploads\/2025\/09\/cropped-IconAndroid512-300x300.png 300w, https:\/\/supertsa.com\/wp-content\/uploads\/2025\/09\/cropped-IconAndroid512-150x150.png 150w, https:\/\/supertsa.com\/wp-content\/uploads\/2025\/09\/cropped-IconAndroid512-270x270.png 270w, https:\/\/supertsa.com\/wp-content\/uploads\/2025\/09\/cropped-IconAndroid512-192x192.png 192w, https:\/\/supertsa.com\/wp-content\/uploads\/2025\/09\/cropped-IconAndroid512-180x180.png 180w, https:\/\/supertsa.com\/wp-content\/uploads\/2025\/09\/cropped-IconAndroid512-32x32.png 32w\" sizes=\"auto, (max-width: 512px) 100vw, 512px\" \/><\/figure>\n<\/div>\n\n\n<div class=\"wp-block-columns are-vertically-aligned-center is-layout-flex wp-container-core-columns-is-layout-9d6595d7 wp-block-columns-is-layout-flex\">\n<div class=\"wp-block-column is-vertically-aligned-center is-layout-flow wp-block-column-is-layout-flow\"><div class=\"wp-block-image\">\n<figure class=\"aligncenter size-full is-resized\"><a href=\"https:\/\/play.google.com\/store\/apps\/details?id=com.Yodabis.SuperTSA\"><img loading=\"lazy\" decoding=\"async\" width=\"294\" height=\"102\" src=\"https:\/\/supertsa.com\/wp-content\/uploads\/2025\/09\/GetItOnGoogle.png\" alt=\"\" class=\"wp-image-27\" style=\"width:219px;height:auto\"\/><\/a><\/figure>\n<\/div>\n\n\n<p class=\"has-text-align-center\">Android<\/p>\n<\/div>\n\n\n\n<div class=\"wp-block-column is-vertically-aligned-center is-layout-flow wp-block-column-is-layout-flow\"><div class=\"wp-block-image\">\n<figure class=\"aligncenter size-full is-resized\"><a href=\"https:\/\/apps.apple.com\/fr\/app\/super-tsa\/id6747009034\"><img loading=\"lazy\" decoding=\"async\" width=\"1280\" height=\"379\" src=\"https:\/\/supertsa.com\/wp-content\/uploads\/2025\/09\/GetItOnAppStore.png\" alt=\"\" class=\"wp-image-28\" style=\"width:243px;height:auto\" srcset=\"https:\/\/supertsa.com\/wp-content\/uploads\/2025\/09\/GetItOnAppStore.png 1280w, https:\/\/supertsa.com\/wp-content\/uploads\/2025\/09\/GetItOnAppStore-300x89.png 300w, https:\/\/supertsa.com\/wp-content\/uploads\/2025\/09\/GetItOnAppStore-1024x303.png 1024w, https:\/\/supertsa.com\/wp-content\/uploads\/2025\/09\/GetItOnAppStore-768x227.png 768w\" sizes=\"auto, (max-width: 1280px) 100vw, 1280px\" \/><\/a><\/figure>\n<\/div>\n\n\n<p class=\"has-text-align-center\">iPhone<\/p>\n<\/div>\n\n\n\n<div class=\"wp-block-column is-vertically-aligned-center is-layout-flow wp-block-column-is-layout-flow\"><div class=\"wp-block-image\">\n<figure class=\"aligncenter size-full is-resized\"><a href=\"https:\/\/store.steampowered.com\/app\/3690470\/Super_TSA\/\"><img loading=\"lazy\" decoding=\"async\" width=\"564\" height=\"168\" src=\"https:\/\/supertsa.com\/wp-content\/uploads\/2025\/09\/GetItOnSteam.png\" alt=\"\" class=\"wp-image-29\" style=\"width:253px;height:auto\" srcset=\"https:\/\/supertsa.com\/wp-content\/uploads\/2025\/09\/GetItOnSteam.png 564w, https:\/\/supertsa.com\/wp-content\/uploads\/2025\/09\/GetItOnSteam-300x89.png 300w\" sizes=\"auto, (max-width: 564px) 100vw, 564px\" \/><\/a><\/figure>\n<\/div>\n\n\n<p class=\"has-text-align-center\">Steam ( PC )<\/p>\n<\/div>\n<\/div>\n\n\n\n<p><strong>Pourquoi Super TSA\u00a0?<br><\/strong><br>Pens\u00e9 comme une aide et un support de sensibilisation \u00e0 l&rsquo;autisme,<br>Super TSA propose une mise en situation de la vie courante, afin d\u2019\u00e9clairer pourquoi et comment le stress, la gestion de l\u2019\u00e9nergie et les interactions sociales et professionnelles peuvent \u00eatre v\u00e9cus du point de vue autistique.<\/p>\n\n\n\n<p><\/p>\n","protected":false},"excerpt":{"rendered":"<p>Un outil ludo-p\u00e9dagogique con\u00e7u pour sensibiliser au quotidien des personnes autistes \u00e0 travers une exp\u00e9rience immersive et respectueuse. Quelle version voulez-vous installer ? Android iPhone Steam ( PC ) Pourquoi Super TSA\u00a0?Pens\u00e9 comme une aide et un support de sensibilisation \u00e0 l&rsquo;autisme,Super TSA propose une mise en situation de la vie courante, afin d\u2019\u00e9clairer pourquoi [&hellip;]<\/p>\n","protected":false},"author":1,"featured_media":0,"parent":0,"menu_order":0,"comment_status":"closed","ping_status":"open","template":"","meta":{"footnotes":""},"class_list":["post-2","page","type-page","status-publish","hentry"],"_links":{"self":[{"href":"https:\/\/supertsa.com\/index.php\/wp-json\/wp\/v2\/pages\/2","targetHints":{"allow":["GET"]}}],"collection":[{"href":"https:\/\/supertsa.com\/index.php\/wp-json\/wp\/v2\/pages"}],"about":[{"href":"https:\/\/supertsa.com\/index.php\/wp-json\/wp\/v2\/types\/page"}],"author":[{"embeddable":true,"href":"https:\/\/supertsa.com\/index.php\/wp-json\/wp\/v2\/users\/1"}],"replies":[{"embeddable":true,"href":"https:\/\/supertsa.com\/index.php\/wp-json\/wp\/v2\/comments?post=2"}],"version-history":[{"count":21,"href":"https:\/\/supertsa.com\/index.php\/wp-json\/wp\/v2\/pages\/2\/revisions"}],"predecessor-version":[{"id":126,"href":"https:\/\/supertsa.com\/index.php\/wp-json\/wp\/v2\/pages\/2\/revisions\/126"}],"wp:attachment":[{"href":"https:\/\/supertsa.com\/index.php\/wp-json\/wp\/v2\/media?parent=2"}],"curies":[{"name":"wp","href":"https:\/\/api.w.org\/{rel}","templated":true}]}}